{"id":3707,"date":"2022-09-30T17:24:36","date_gmt":"2022-09-30T20:24:36","guid":{"rendered":"https:\/\/aspsistemas.com.br\/?page_id=3707"},"modified":"2022-09-30T17:48:54","modified_gmt":"2022-09-30T20:48:54","slug":"perguntas-frequentes","status":"publish","type":"page","link":"https:\/\/aspsistemas.com.br\/?page_id=3707","title":{"rendered":"Perguntas frequentes"},"content":{"rendered":"\t\t<div data-elementor-type=\"wp-page\" data-elementor-id=\"3707\" class=\"elementor elementor-3707\">\n\t\t\t\t\t\t<section class=\"elementor-section elementor-top-section elementor-element elementor-element-deb6846 elementor-section-boxed elementor-section-height-default elementor-section-height-default\" data-id=\"deb6846\" data-element_type=\"section\">\n\t\t\t\t\t\t<div class=\"elementor-container elementor-column-gap-default\">\n\t\t\t\t\t<div class=\"elementor-column elementor-col-100 elementor-top-column elementor-element elementor-element-63e14a0\" data-id=\"63e14a0\" data-element_type=\"column\">\n\t\t\t<div class=\"elementor-widget-wrap elementor-element-populated\">\n\t\t\t\t\t\t<div class=\"elementor-element elementor-element-e89ac84 elementor-widget elementor-widget-accordion\" data-id=\"e89ac84\" data-element_type=\"widget\" data-widget_type=\"accordion.default\">\n\t\t\t\t<div class=\"elementor-widget-container\">\n\t\t\t\t\t\t\t<div class=\"elementor-accordion\">\n\t\t\t\t\t\t\t<div class=\"elementor-accordion-item\">\n\t\t\t\t\t<div id=\"elementor-tab-title-2431\" class=\"elementor-tab-title\" data-tab=\"1\" role=\"button\" aria-controls=\"elementor-tab-content-2431\" aria-expanded=\"false\">\n\t\t\t\t\t\t\t\t\t\t\t\t\t<span class=\"elementor-accordion-icon elementor-accordion-icon-left\" aria-hidden=\"true\">\n\t\t\t\t\t\t\t\t\t\t\t\t\t\t\t<span class=\"elementor-accordion-icon-closed\"><i class=\"fas fa-plus\"><\/i><\/span>\n\t\t\t\t\t\t\t\t<span class=\"elementor-accordion-icon-opened\"><i class=\"fas fa-minus\"><\/i><\/span>\n\t\t\t\t\t\t\t\t\t\t\t\t\t\t<\/span>\n\t\t\t\t\t\t\t\t\t\t\t\t<a class=\"elementor-accordion-title\" tabindex=\"0\">Quando consigo liberar um pedido de venda?<\/a>\n\t\t\t\t\t<\/div>\n\t\t\t\t\t<div id=\"elementor-tab-content-2431\" class=\"elementor-tab-content elementor-clearfix\" data-tab=\"1\" role=\"region\" aria-labelledby=\"elementor-tab-title-2431\"><p>Os pedidos de venda com situa\u00e7\u00e3o de &#8220;bloqueados&#8221; ou &#8220;em cadastramento&#8221; \u00e9 poss\u00edvel fazer a libera\u00e7\u00e3o.\u00a0<\/p><\/div>\n\t\t\t\t<\/div>\n\t\t\t\t\t\t\t<div class=\"elementor-accordion-item\">\n\t\t\t\t\t<div id=\"elementor-tab-title-2432\" class=\"elementor-tab-title\" data-tab=\"2\" role=\"button\" aria-controls=\"elementor-tab-content-2432\" aria-expanded=\"false\">\n\t\t\t\t\t\t\t\t\t\t\t\t\t<span class=\"elementor-accordion-icon elementor-accordion-icon-left\" aria-hidden=\"true\">\n\t\t\t\t\t\t\t\t\t\t\t\t\t\t\t<span class=\"elementor-accordion-icon-closed\"><i class=\"fas fa-plus\"><\/i><\/span>\n\t\t\t\t\t\t\t\t<span class=\"elementor-accordion-icon-opened\"><i class=\"fas fa-minus\"><\/i><\/span>\n\t\t\t\t\t\t\t\t\t\t\t\t\t\t<\/span>\n\t\t\t\t\t\t\t\t\t\t\t\t<a class=\"elementor-accordion-title\" tabindex=\"0\">Quais pedidos de venda podem ser faturados?<\/a>\n\t\t\t\t\t<\/div>\n\t\t\t\t\t<div id=\"elementor-tab-content-2432\" class=\"elementor-tab-content elementor-clearfix\" data-tab=\"2\" role=\"region\" aria-labelledby=\"elementor-tab-title-2432\"><p>Apenas os pedidos de venda com situa\u00e7\u00e3o de &#8220;liberados&#8221; podem ser faturados ou descarregados no PDV.<\/p><\/div>\n\t\t\t\t<\/div>\n\t\t\t\t\t\t\t<div class=\"elementor-accordion-item\">\n\t\t\t\t\t<div id=\"elementor-tab-title-2433\" class=\"elementor-tab-title\" data-tab=\"3\" role=\"button\" aria-controls=\"elementor-tab-content-2433\" aria-expanded=\"false\">\n\t\t\t\t\t\t\t\t\t\t\t\t\t<span class=\"elementor-accordion-icon elementor-accordion-icon-left\" aria-hidden=\"true\">\n\t\t\t\t\t\t\t\t\t\t\t\t\t\t\t<span class=\"elementor-accordion-icon-closed\"><i class=\"fas fa-plus\"><\/i><\/span>\n\t\t\t\t\t\t\t\t<span class=\"elementor-accordion-icon-opened\"><i class=\"fas fa-minus\"><\/i><\/span>\n\t\t\t\t\t\t\t\t\t\t\t\t\t\t<\/span>\n\t\t\t\t\t\t\t\t\t\t\t\t<a class=\"elementor-accordion-title\" tabindex=\"0\">Como editar uma ordem de pedido j\u00e1 liberada?<\/a>\n\t\t\t\t\t<\/div>\n\t\t\t\t\t<div id=\"elementor-tab-content-2433\" class=\"elementor-tab-content elementor-clearfix\" data-tab=\"3\" role=\"region\" aria-labelledby=\"elementor-tab-title-2433\"><p>Uma ordem de pedido j\u00e1 liberada n\u00e3o permite altera\u00e7\u00e3o direta, apenas se for alterada a situa\u00e7\u00e3o do pedido para &#8220;bloqueado&#8221;.<\/p><\/div>\n\t\t\t\t<\/div>\n\t\t\t\t\t\t\t<div class=\"elementor-accordion-item\">\n\t\t\t\t\t<div id=\"elementor-tab-title-2434\" class=\"elementor-tab-title\" data-tab=\"4\" role=\"button\" aria-controls=\"elementor-tab-content-2434\" aria-expanded=\"false\">\n\t\t\t\t\t\t\t\t\t\t\t\t\t<span class=\"elementor-accordion-icon elementor-accordion-icon-left\" aria-hidden=\"true\">\n\t\t\t\t\t\t\t\t\t\t\t\t\t\t\t<span class=\"elementor-accordion-icon-closed\"><i class=\"fas fa-plus\"><\/i><\/span>\n\t\t\t\t\t\t\t\t<span class=\"elementor-accordion-icon-opened\"><i class=\"fas fa-minus\"><\/i><\/span>\n\t\t\t\t\t\t\t\t\t\t\t\t\t\t<\/span>\n\t\t\t\t\t\t\t\t\t\t\t\t<a class=\"elementor-accordion-title\" tabindex=\"0\">Como descubro o CEST do meu produto?<\/a>\n\t\t\t\t\t<\/div>\n\t\t\t\t\t<div id=\"elementor-tab-content-2434\" class=\"elementor-tab-content elementor-clearfix\" data-tab=\"4\" role=\"region\" aria-labelledby=\"elementor-tab-title-2434\"><p>\u00c9 poss\u00edvel descobrir o CEST do produto por meio do NCM dele, para isso abra o link abaixo, cole o NCM do produto no campo de pesquisa e pressione &#8220;enviar consulta&#8221; e lhe dar\u00e1 o c\u00f3digo CEST.<\/p><p><a title=\"Consulte o CEST aqui\" href=\"https:\/\/www.codigocest.com.br\/consulta-codigo-cest-pelo-ncm\" target=\"_blank\" rel=\"noopener\">https:\/\/www.codigocest.com.br\/consulta-codigo-cest-pelo-ncm<\/a><\/p><\/div>\n\t\t\t\t<\/div>\n\t\t\t\t\t\t\t<div class=\"elementor-accordion-item\">\n\t\t\t\t\t<div id=\"elementor-tab-title-2435\" class=\"elementor-tab-title\" data-tab=\"5\" role=\"button\" aria-controls=\"elementor-tab-content-2435\" aria-expanded=\"false\">\n\t\t\t\t\t\t\t\t\t\t\t\t\t<span class=\"elementor-accordion-icon elementor-accordion-icon-left\" aria-hidden=\"true\">\n\t\t\t\t\t\t\t\t\t\t\t\t\t\t\t<span class=\"elementor-accordion-icon-closed\"><i class=\"fas fa-plus\"><\/i><\/span>\n\t\t\t\t\t\t\t\t<span class=\"elementor-accordion-icon-opened\"><i class=\"fas fa-minus\"><\/i><\/span>\n\t\t\t\t\t\t\t\t\t\t\t\t\t\t<\/span>\n\t\t\t\t\t\t\t\t\t\t\t\t<a class=\"elementor-accordion-title\" tabindex=\"0\">Como faz pra gravar XML?<\/a>\n\t\t\t\t\t<\/div>\n\t\t\t\t\t<div id=\"elementor-tab-content-2435\" class=\"elementor-tab-content elementor-clearfix\" data-tab=\"5\" role=\"region\" aria-labelledby=\"elementor-tab-title-2435\"><p><img fetchpriority=\"high\" decoding=\"async\" class=\"aligncenter wp-image-3718 size-full\" src=\"https:\/\/aspsistemas.com.br\/wp-content\/uploads\/2022\/09\/Captura-de-tela-2022-09-30-174617.png\" alt=\"\" width=\"912\" height=\"563\" srcset=\"https:\/\/aspsistemas.com.br\/wp-content\/uploads\/2022\/09\/Captura-de-tela-2022-09-30-174617.png 912w, https:\/\/aspsistemas.com.br\/wp-content\/uploads\/2022\/09\/Captura-de-tela-2022-09-30-174617-300x185.png 300w, https:\/\/aspsistemas.com.br\/wp-content\/uploads\/2022\/09\/Captura-de-tela-2022-09-30-174617-768x474.png 768w\" sizes=\"(max-width: 912px) 100vw, 912px\" \/><\/p><p>Indo em &#8220;fiscal&#8221; no menu lateral e em seguida &#8220;documentos fiscais&#8221; abrir\u00e1 uma tela com os documentos, nela selecione o documento desejado e clique em &#8220;gravar XML&#8221; na \u00e1rea esquerda da tela.<\/p><p><img decoding=\"async\" class=\"aligncenter wp-image-3720 size-full\" src=\"https:\/\/aspsistemas.com.br\/wp-content\/uploads\/2022\/09\/Captura-de-tela-2022-09-30-174818.png\" alt=\"\" width=\"982\" height=\"572\" srcset=\"https:\/\/aspsistemas.com.br\/wp-content\/uploads\/2022\/09\/Captura-de-tela-2022-09-30-174818.png 982w, https:\/\/aspsistemas.com.br\/wp-content\/uploads\/2022\/09\/Captura-de-tela-2022-09-30-174818-300x175.png 300w, https:\/\/aspsistemas.com.br\/wp-content\/uploads\/2022\/09\/Captura-de-tela-2022-09-30-174818-768x447.png 768w\" sizes=\"(max-width: 982px) 100vw, 982px\" \/><\/p><\/div>\n\t\t\t\t<\/div>\n\t\t\t\t\t\t\t\t<\/div>\n\t\t\t\t\t\t<\/div>\n\t\t\t\t<\/div>\n\t\t\t\t<div class=\"elementor-element elementor-element-505e518 elementor-widget elementor-widget-spacer\" data-id=\"505e518\" data-element_type=\"widget\" data-widget_type=\"spacer.default\">\n\t\t\t\t<div class=\"elementor-widget-container\">\n\t\t\t\t\t\t\t<div class=\"elementor-spacer\">\n\t\t\t<div class=\"elementor-spacer-inner\"><\/div>\n\t\t<\/div>\n\t\t\t\t\t\t<\/div>\n\t\t\t\t<\/div>\n\t\t\t\t\t<\/div>\n\t\t<\/div>\n\t\t\t\t\t<\/div>\n\t\t<\/section>\n\t\t\t\t<\/div>\n\t\t","protected":false},"excerpt":{"rendered":"<p>Quando consigo liberar um pedido de venda? Os pedidos de venda com situa\u00e7\u00e3o de &#8220;bloqueados&#8221; ou &#8220;em cadastramento&#8221; \u00e9 poss\u00edvel fazer a libera\u00e7\u00e3o.\u00a0 Quais pedidos de venda podem ser faturados? Apenas os pedidos de venda com situa\u00e7\u00e3o de &#8220;liberados&#8221; podem ser faturados ou descarregados no PDV. Como editar uma ordem de pedido j\u00e1 liberada? Uma&hellip;&nbsp;<a href=\"https:\/\/aspsistemas.com.br\/?page_id=3707\" rel=\"bookmark\"><span class=\"screen-reader-text\">Perguntas frequentes<\/span><\/a><\/p>\n","protected":false},"author":1,"featured_media":0,"parent":0,"menu_order":0,"comment_status":"closed","ping_status":"closed","template":"","meta":{"om_disable_all_campaigns":false,"inline_featured_image":false,"neve_meta_sidebar":"","neve_meta_container":"","neve_meta_enable_content_width":"","neve_meta_content_width":0,"neve_meta_title_alignment":"","neve_meta_author_avatar":"","neve_post_elements_order":"","neve_meta_disable_header":"","neve_meta_disable_footer":"","neve_meta_disable_title":"","footnotes":""},"class_list":["post-3707","page","type-page","status-publish","hentry"],"aioseo_notices":[],"_links":{"self":[{"href":"https:\/\/aspsistemas.com.br\/index.php?rest_route=\/wp\/v2\/pages\/3707","targetHints":{"allow":["GET"]}}],"collection":[{"href":"https:\/\/aspsistemas.com.br\/index.php?rest_route=\/wp\/v2\/pages"}],"about":[{"href":"https:\/\/aspsistemas.com.br\/index.php?rest_route=\/wp\/v2\/types\/page"}],"author":[{"embeddable":true,"href":"https:\/\/aspsistemas.com.br\/index.php?rest_route=\/wp\/v2\/users\/1"}],"replies":[{"embeddable":true,"href":"https:\/\/aspsistemas.com.br\/index.php?rest_route=%2Fwp%2Fv2%2Fcomments&post=3707"}],"version-history":[{"count":7,"href":"https:\/\/aspsistemas.com.br\/index.php?rest_route=\/wp\/v2\/pages\/3707\/revisions"}],"predecessor-version":[{"id":3723,"href":"https:\/\/aspsistemas.com.br\/index.php?rest_route=\/wp\/v2\/pages\/3707\/revisions\/3723"}],"wp:attachment":[{"href":"https:\/\/aspsistemas.com.br\/index.php?rest_route=%2Fwp%2Fv2%2Fmedia&parent=3707"}],"curies":[{"name":"wp","href":"https:\/\/api.w.org\/{rel}","templated":true}]}}