{"id":4060,"date":"2023-01-11T15:42:39","date_gmt":"2023-01-11T18:42:39","guid":{"rendered":"https:\/\/aspsistemas.com.br\/?page_id=4060"},"modified":"2023-03-17T13:08:36","modified_gmt":"2023-03-17T16:08:36","slug":"blog-2","status":"publish","type":"page","link":"https:\/\/aspsistemas.com.br\/?page_id=4060","title":{"rendered":"Blog"},"content":{"rendered":"\t\t<div data-elementor-type=\"wp-page\" data-elementor-id=\"4060\" class=\"elementor elementor-4060\">\n\t\t\t\t\t\t<section class=\"elementor-section elementor-top-section elementor-element elementor-element-6980008 elementor-section-full_width elementor-section-height-default elementor-section-height-default\" data-id=\"6980008\" data-element_type=\"section\">\n\t\t\t\t\t\t<div class=\"elementor-container elementor-column-gap-default\">\n\t\t\t\t\t<div class=\"elementor-column elementor-col-66 elementor-top-column elementor-element elementor-element-0e76af1\" data-id=\"0e76af1\" data-element_type=\"column\">\n\t\t\t<div class=\"elementor-widget-wrap elementor-element-populated\">\n\t\t\t\t\t\t<div class=\"elementor-element elementor-element-2d7ef9a elementor-grid-eael-col-1 elementor-grid-tablet-eael-col-1 elementor-grid-mobile-eael-col-1 elementor-widget elementor-widget-eael-post-grid\" data-id=\"2d7ef9a\" data-element_type=\"widget\" data-settings=\"{&quot;eael_post_grid_columns&quot;:&quot;eael-col-1&quot;,&quot;eael_post_grid_columns_tablet&quot;:&quot;eael-col-1&quot;,&quot;eael_post_grid_columns_mobile&quot;:&quot;eael-col-1&quot;}\" data-widget_type=\"eael-post-grid.default\">\n\t\t\t\t<div class=\"elementor-widget-container\">\n\t\t\t\t\t<div id=\"eael-post-grid-2d7ef9a\" class=\"eael-post-grid-container\">\n            <div class=\"eael-post-grid eael-post-appender eael-post-appender-2d7ef9a eael-post-grid-style-one\" data-layout-mode=\"grid\"><article class=\"eael-grid-post eael-post-grid-column\" data-id=\"4397\">\n        <div class=\"eael-grid-post-holder\">\n            <div class=\"eael-grid-post-holder-inner\"><div class=\"eael-entry-media\"><div class=\"eael-entry-overlay fade-in\"><i class=\"fas fa-search\" aria-hidden=\"true\"><\/i><a href=\"https:\/\/aspsistemas.com.br\/?p=4397\"><\/a><\/div><div class=\"eael-entry-thumbnail \">\n                <img fetchpriority=\"high\" decoding=\"async\" width=\"300\" height=\"200\" src=\"https:\/\/aspsistemas.com.br\/wp-content\/uploads\/2023\/03\/pexels-alena-darmel-7706930-300x200.jpg\" class=\"attachment-medium size-medium wp-image-4398\" alt=\"\" srcset=\"https:\/\/aspsistemas.com.br\/wp-content\/uploads\/2023\/03\/pexels-alena-darmel-7706930-300x200.jpg 300w, https:\/\/aspsistemas.com.br\/wp-content\/uploads\/2023\/03\/pexels-alena-darmel-7706930-1024x683.jpg 1024w, https:\/\/aspsistemas.com.br\/wp-content\/uploads\/2023\/03\/pexels-alena-darmel-7706930-768x512.jpg 768w, https:\/\/aspsistemas.com.br\/wp-content\/uploads\/2023\/03\/pexels-alena-darmel-7706930-1536x1024.jpg 1536w, https:\/\/aspsistemas.com.br\/wp-content\/uploads\/2023\/03\/pexels-alena-darmel-7706930-2048x1365.jpg 2048w\" sizes=\"(max-width: 300px) 100vw, 300px\" \/>\n            <\/div>\n        <\/div><div class=\"eael-entry-wrapper\"><header class=\"eael-entry-header\"><h3 class=\"eael-entry-title\"><a class=\"eael-grid-post-link\" href=\"https:\/\/aspsistemas.com.br\/?p=4397\" title=\"Como funciona cada etapa do funil de venda?\">Como funciona cada etapa do funil de venda?<\/a><\/h3><\/header><div class=\"eael-entry-content\">\n                        <div class=\"eael-grid-post-excerpt\"><p>Topo do funil \u2013 pessoas que est\u00e3o no seu raio de alcance podendo ou n\u00e3o se interessar por seu neg\u00f3cio e buscarem conhecimento sobre o segmento. Meio do funil \u2013 Aqui o consumidor j\u00e1 desenvolveu...<\/p><\/div>\n                    <\/div><\/div><\/div>\n        <\/div>\n    <\/article><\/div>\n            <div class=\"clearfix\"><\/div>\n        <\/div>            <div class=\"eael-load-more-button-wrap eael-force-hide\">\n                <button class=\"eael-load-more-button\" id=\"eael-load-more-btn-2d7ef9a\" data-widget-id=\"2d7ef9a\" data-widget=\"2d7ef9a\" data-page-id=\"4060\" data-template=\"{&quot;dir&quot;:&quot;lite&quot;,&quot;file_name&quot;:&quot;one.php&quot;,&quot;name&quot;:&quot;Post-Grid&quot;}\" data-class=\"Essential_Addons_Elementor\\Elements\\Post_Grid\" data-layout=\"grid\" data-page=\"1\" data-args=\"orderby=date&amp;order=desc&amp;ignore_sticky_posts=1&amp;post_status=publish&amp;posts_per_page=1&amp;offset=0&amp;post_type=post\" data-max-page=\"27\">\n                    <span class=\"eael-btn-loader button__loader\"><\/span>\n                    <span class=\"eael_load_more_text\">Load More<\/span>\n                <\/button>\n            <\/div>\n            \t\t\t\t<\/div>\n\t\t\t\t<\/div>\n\t\t\t\t<div class=\"elementor-element elementor-element-6eef8d3 elementor-grid-eael-col-2 elementor-grid-tablet-eael-col-2 elementor-grid-mobile-eael-col-1 elementor-widget elementor-widget-eael-post-grid\" data-id=\"6eef8d3\" data-element_type=\"widget\" data-settings=\"{&quot;eael_post_grid_columns&quot;:&quot;eael-col-2&quot;,&quot;eael_post_grid_columns_tablet&quot;:&quot;eael-col-2&quot;,&quot;eael_post_grid_columns_mobile&quot;:&quot;eael-col-1&quot;}\" data-widget_type=\"eael-post-grid.default\">\n\t\t\t\t<div class=\"elementor-widget-container\">\n\t\t\t\t\t<div id=\"eael-post-grid-6eef8d3\" class=\"eael-post-grid-container\">\n            <div class=\"eael-post-grid eael-post-appender eael-post-appender-6eef8d3 eael-post-grid-style-one\" data-layout-mode=\"grid\"><article class=\"eael-grid-post eael-post-grid-column\" data-id=\"4367\">\n        <div class=\"eael-grid-post-holder\">\n            <div class=\"eael-grid-post-holder-inner\"><div class=\"eael-entry-media\"><div class=\"eael-entry-overlay fade-in\"><i class=\"fas fa-search\" aria-hidden=\"true\"><\/i><a href=\"https:\/\/aspsistemas.com.br\/?p=4367\"><\/a><\/div><div class=\"eael-entry-thumbnail \">\n                <img decoding=\"async\" width=\"300\" height=\"200\" src=\"https:\/\/aspsistemas.com.br\/wp-content\/uploads\/2023\/02\/pexels-christina-morillo-1181243-300x200.jpg\" class=\"attachment-medium size-medium wp-image-4368\" alt=\"\" srcset=\"https:\/\/aspsistemas.com.br\/wp-content\/uploads\/2023\/02\/pexels-christina-morillo-1181243-300x200.jpg 300w, https:\/\/aspsistemas.com.br\/wp-content\/uploads\/2023\/02\/pexels-christina-morillo-1181243-1024x684.jpg 1024w, https:\/\/aspsistemas.com.br\/wp-content\/uploads\/2023\/02\/pexels-christina-morillo-1181243-768x513.jpg 768w, https:\/\/aspsistemas.com.br\/wp-content\/uploads\/2023\/02\/pexels-christina-morillo-1181243-1536x1025.jpg 1536w, https:\/\/aspsistemas.com.br\/wp-content\/uploads\/2023\/02\/pexels-christina-morillo-1181243-2048x1367.jpg 2048w\" sizes=\"(max-width: 300px) 100vw, 300px\" \/>\n            <\/div>\n        <\/div><div class=\"eael-entry-wrapper\"><header class=\"eael-entry-header\"><h3 class=\"eael-entry-title\"><a class=\"eael-grid-post-link\" href=\"https:\/\/aspsistemas.com.br\/?p=4367\" title=\"Dicas para produ\u00e7\u00e3o de campanhas para empresas de tecnologia\">Dicas para produ\u00e7\u00e3o de campanhas para empresas de tecnologia<\/a><\/h3><\/header><div class=\"eael-entry-content\">\n                        <div class=\"eael-grid-post-excerpt\"><p>Produzir conte\u00fado que respondem as duvidas do cliente e de a ele toda informa\u00e7\u00e3o necess\u00e1ria para a decis\u00e3o de compra: produtos ligados a tecnologia tendem...<\/p><\/div>\n                    <\/div><\/div><\/div>\n        <\/div>\n    <\/article><article class=\"eael-grid-post eael-post-grid-column\" data-id=\"4339\">\n        <div class=\"eael-grid-post-holder\">\n            <div class=\"eael-grid-post-holder-inner\"><div class=\"eael-entry-media\"><div class=\"eael-entry-overlay fade-in\"><i class=\"fas fa-search\" aria-hidden=\"true\"><\/i><a href=\"https:\/\/aspsistemas.com.br\/?p=4339\"><\/a><\/div><div class=\"eael-entry-thumbnail \">\n                <img decoding=\"async\" width=\"300\" height=\"199\" src=\"https:\/\/aspsistemas.com.br\/wp-content\/uploads\/2023\/02\/pexels-lukas-574073-300x199.jpg\" class=\"attachment-medium size-medium wp-image-4334\" alt=\"\" srcset=\"https:\/\/aspsistemas.com.br\/wp-content\/uploads\/2023\/02\/pexels-lukas-574073-300x199.jpg 300w, https:\/\/aspsistemas.com.br\/wp-content\/uploads\/2023\/02\/pexels-lukas-574073-1024x678.jpg 1024w, https:\/\/aspsistemas.com.br\/wp-content\/uploads\/2023\/02\/pexels-lukas-574073-768x509.jpg 768w, https:\/\/aspsistemas.com.br\/wp-content\/uploads\/2023\/02\/pexels-lukas-574073-1536x1017.jpg 1536w, https:\/\/aspsistemas.com.br\/wp-content\/uploads\/2023\/02\/pexels-lukas-574073-2048x1356.jpg 2048w\" sizes=\"(max-width: 300px) 100vw, 300px\" \/>\n            <\/div>\n        <\/div><div class=\"eael-entry-wrapper\"><header class=\"eael-entry-header\"><h3 class=\"eael-entry-title\"><a class=\"eael-grid-post-link\" href=\"https:\/\/aspsistemas.com.br\/?p=4339\" title=\"Por que \u00e9 importante ter um sistema de gest\u00e3o?\">Por que \u00e9 importante ter um sistema de gest\u00e3o?<\/a><\/h3><\/header><div class=\"eael-entry-content\">\n                        <div class=\"eael-grid-post-excerpt\"><p>Um sistema de gest\u00e3o \u00e9 importante porque proporciona uma maneira eficiente de controlar e monitorar todos os processos de uma organiza\u00e7\u00e3o. Ele ajuda a aumentar...<\/p><\/div>\n                    <\/div><\/div><\/div>\n        <\/div>\n    <\/article><article class=\"eael-grid-post eael-post-grid-column\" data-id=\"4335\">\n        <div class=\"eael-grid-post-holder\">\n            <div class=\"eael-grid-post-holder-inner\"><div class=\"eael-entry-media\"><div class=\"eael-entry-overlay fade-in\"><i class=\"fas fa-search\" aria-hidden=\"true\"><\/i><a href=\"https:\/\/aspsistemas.com.br\/?p=4335\"><\/a><\/div><div class=\"eael-entry-thumbnail \">\n                <img loading=\"lazy\" decoding=\"async\" width=\"300\" height=\"200\" src=\"https:\/\/aspsistemas.com.br\/wp-content\/uploads\/2023\/02\/pexels-cottonbro-studio-5483149-300x200.jpg\" class=\"attachment-medium size-medium wp-image-4337\" alt=\"\" srcset=\"https:\/\/aspsistemas.com.br\/wp-content\/uploads\/2023\/02\/pexels-cottonbro-studio-5483149-300x200.jpg 300w, https:\/\/aspsistemas.com.br\/wp-content\/uploads\/2023\/02\/pexels-cottonbro-studio-5483149-1024x683.jpg 1024w, https:\/\/aspsistemas.com.br\/wp-content\/uploads\/2023\/02\/pexels-cottonbro-studio-5483149-768x512.jpg 768w, https:\/\/aspsistemas.com.br\/wp-content\/uploads\/2023\/02\/pexels-cottonbro-studio-5483149-1536x1024.jpg 1536w, https:\/\/aspsistemas.com.br\/wp-content\/uploads\/2023\/02\/pexels-cottonbro-studio-5483149-2048x1365.jpg 2048w\" sizes=\"(max-width: 300px) 100vw, 300px\" \/>\n            <\/div>\n        <\/div><div class=\"eael-entry-wrapper\"><header class=\"eael-entry-header\"><h3 class=\"eael-entry-title\"><a class=\"eael-grid-post-link\" href=\"https:\/\/aspsistemas.com.br\/?p=4335\" title=\"Como os sistemas de gest\u00e3o ajudam a melhorar os processos operacionais.\">Como os sistemas de gest\u00e3o ajudam a melhorar os processos operacionais.<\/a><\/h3><\/header><div class=\"eael-entry-content\">\n                        <div class=\"eael-grid-post-excerpt\"><p>Os sistemas de gest\u00e3o ajudam a melhorar os processos operacionais, pois possibilitam a automa\u00e7\u00e3o e a an\u00e1lise dos processos, gerando informa\u00e7\u00f5es que podem ser usadas...<\/p><\/div>\n                    <\/div><\/div><\/div>\n        <\/div>\n    <\/article><article class=\"eael-grid-post eael-post-grid-column\" data-id=\"4324\">\n        <div class=\"eael-grid-post-holder\">\n            <div class=\"eael-grid-post-holder-inner\"><div class=\"eael-entry-media\"><div class=\"eael-entry-overlay fade-in\"><i class=\"fas fa-search\" aria-hidden=\"true\"><\/i><a href=\"https:\/\/aspsistemas.com.br\/?p=4324\"><\/a><\/div><div class=\"eael-entry-thumbnail \">\n                <img loading=\"lazy\" decoding=\"async\" width=\"300\" height=\"200\" src=\"https:\/\/aspsistemas.com.br\/wp-content\/uploads\/2023\/02\/pexels-oleksandr-pidvalnyi-12955678-300x200.jpg\" class=\"attachment-medium size-medium wp-image-4325\" alt=\"\" srcset=\"https:\/\/aspsistemas.com.br\/wp-content\/uploads\/2023\/02\/pexels-oleksandr-pidvalnyi-12955678-300x200.jpg 300w, https:\/\/aspsistemas.com.br\/wp-content\/uploads\/2023\/02\/pexels-oleksandr-pidvalnyi-12955678-1024x683.jpg 1024w, https:\/\/aspsistemas.com.br\/wp-content\/uploads\/2023\/02\/pexels-oleksandr-pidvalnyi-12955678-768x512.jpg 768w, https:\/\/aspsistemas.com.br\/wp-content\/uploads\/2023\/02\/pexels-oleksandr-pidvalnyi-12955678-1536x1024.jpg 1536w, https:\/\/aspsistemas.com.br\/wp-content\/uploads\/2023\/02\/pexels-oleksandr-pidvalnyi-12955678-2048x1365.jpg 2048w\" sizes=\"(max-width: 300px) 100vw, 300px\" \/>\n            <\/div>\n        <\/div><div class=\"eael-entry-wrapper\"><header class=\"eael-entry-header\"><h3 class=\"eael-entry-title\"><a class=\"eael-grid-post-link\" href=\"https:\/\/aspsistemas.com.br\/?p=4324\" title=\"Tend\u00eancias de gest\u00e3o estrat\u00e9gica\">Tend\u00eancias de gest\u00e3o estrat\u00e9gica<\/a><\/h3><\/header><div class=\"eael-entry-content\">\n                        <div class=\"eael-grid-post-excerpt\"><p>1. An\u00e1lise estrat\u00e9gica: O foco estrat\u00e9gico deve ser colocado na an\u00e1lise de dados para que as a\u00e7\u00f5es sejam direcionadas de forma eficaz. 2. Gest\u00e3o baseada...<\/p><\/div>\n                    <\/div><\/div><\/div>\n        <\/div>\n    <\/article><\/div>\n            <div class=\"clearfix\"><\/div>\n        <\/div>            <div class=\"eael-load-more-button-wrap\">\n                <button class=\"eael-load-more-button\" id=\"eael-load-more-btn-6eef8d3\" data-widget-id=\"6eef8d3\" data-widget=\"6eef8d3\" data-page-id=\"4060\" data-template=\"{&quot;dir&quot;:&quot;lite&quot;,&quot;file_name&quot;:&quot;one.php&quot;,&quot;name&quot;:&quot;Post-Grid&quot;}\" data-class=\"Essential_Addons_Elementor\\Elements\\Post_Grid\" data-layout=\"grid\" data-page=\"1\" data-args=\"orderby=date&amp;order=desc&amp;ignore_sticky_posts=1&amp;post_status=publish&amp;posts_per_page=4&amp;offset=1&amp;post_type=post\" data-max-page=\"7\">\n                    <span class=\"eael-btn-loader button__loader\"><\/span>\n                    <span class=\"eael_load_more_text\">Carregar mais<\/span>\n                <\/button>\n            <\/div>\n            \t\t\t\t<\/div>\n\t\t\t\t<\/div>\n\t\t\t\t\t<\/div>\n\t\t<\/div>\n\t\t\t\t<div class=\"elementor-column elementor-col-33 elementor-top-column elementor-element elementor-element-2b84383\" data-id=\"2b84383\" data-element_type=\"column\">\n\t\t\t<div class=\"elementor-widget-wrap elementor-element-populated\">\n\t\t\t\t\t\t\t<\/div>\n\t\t<\/div>\n\t\t\t\t\t<\/div>\n\t\t<\/section>\n\t\t\t\t<\/div>\n\t\t","protected":false},"excerpt":{"rendered":"<p>Como funciona cada etapa do funil de venda? Topo do funil \u2013 pessoas que est\u00e3o no seu raio de alcance podendo ou n\u00e3o se interessar por seu neg\u00f3cio e buscarem conhecimento sobre o segmento. Meio do funil \u2013 Aqui o consumidor j\u00e1 desenvolveu&#8230; Load More Dicas para produ\u00e7\u00e3o de campanhas para empresas de tecnologia Produzir&hellip;&nbsp;<a href=\"https:\/\/aspsistemas.com.br\/?p=4324\" rel=\"bookmark\"><span class=\"screen-reader-text\">Tend\u00eancias de gest\u00e3o estrat\u00e9gica<\/span><\/a><\/p>\n","protected":false},"author":1,"featured_media":0,"parent":0,"menu_order":0,"comment_status":"closed","ping_status":"closed","template":"","meta":{"om_disable_all_campaigns":false,"inline_featured_image":false,"neve_meta_sidebar":"","neve_meta_container":"","neve_meta_enable_content_width":"","neve_meta_content_width":0,"neve_meta_title_alignment":"","neve_meta_author_avatar":"","neve_post_elements_order":"","neve_meta_disable_header":"","neve_meta_disable_footer":"","neve_meta_disable_title":"","footnotes":""},"class_list":["post-4060","page","type-page","status-publish","hentry"],"aioseo_notices":[],"_links":{"self":[{"href":"https:\/\/aspsistemas.com.br\/index.php?rest_route=\/wp\/v2\/pages\/4060","targetHints":{"allow":["GET"]}}],"collection":[{"href":"https:\/\/aspsistemas.com.br\/index.php?rest_route=\/wp\/v2\/pages"}],"about":[{"href":"https:\/\/aspsistemas.com.br\/index.php?rest_route=\/wp\/v2\/types\/page"}],"author":[{"embeddable":true,"href":"https:\/\/aspsistemas.com.br\/index.php?rest_route=\/wp\/v2\/users\/1"}],"replies":[{"embeddable":true,"href":"https:\/\/aspsistemas.com.br\/index.php?rest_route=%2Fwp%2Fv2%2Fcomments&post=4060"}],"version-history":[{"count":57,"href":"https:\/\/aspsistemas.com.br\/index.php?rest_route=\/wp\/v2\/pages\/4060\/revisions"}],"predecessor-version":[{"id":4438,"href":"https:\/\/aspsistemas.com.br\/index.php?rest_route=\/wp\/v2\/pages\/4060\/revisions\/4438"}],"wp:attachment":[{"href":"https:\/\/aspsistemas.com.br\/index.php?rest_route=%2Fwp%2Fv2%2Fmedia&parent=4060"}],"curies":[{"name":"wp","href":"https:\/\/api.w.org\/{rel}","templated":true}]}}